{"id":489,"date":"2023-03-07T12:16:52","date_gmt":"2023-03-07T11:16:52","guid":{"rendered":"https:\/\/www.aresse.com\/cookies-policy\/"},"modified":"2025-06-04T12:54:53","modified_gmt":"2025-06-04T10:54:53","slug":"cookies-policy","status":"publish","type":"page","link":"https:\/\/www.aresse.com\/es\/cookies-policy\/","title":{"rendered":"Pol\u00edtica de cookies"},"content":{"rendered":"\n<p>(Espa\u00f1ol)<\/p>\n\n<p>En esta web recopilamos y utilizamos la informaci\u00f3n seg\u00fan indicamos en nuestra pol\u00edtica de privacidad. Una de las formas en las que recopilamos informaci\u00f3n es a trav\u00e9s del uso de la tecnolog\u00eda llamada \u201ccookies\u201d.  <\/p>\n\n<p><\/p>\n\n<p>En cumplimiento de la Ley 34\/2002, de Servicios de Sociedad de la Informaci\u00f3n y de comercio electr\u00f3nico, ARESSE ENGINEERING, S.L. informa de que una cookie es un archivo que se descarga en su ordenador al acceder a determinadas p\u00e1ginas web. Las cookies permiten a una p\u00e1gina web general@aresse.com, entre otras cosas, almacenar y recuperar informaci\u00f3n sobre los h\u00e1bitos de navegaci\u00f3n de un usuario o de su equipo y, dependiendo de la informaci\u00f3n que contengan y de la forma en que utilice su equipo, pueden utilizarse para reconocer al usuario. <\/p>\n\n<p><strong>Tipos de cookies<\/strong><\/p>\n\n<p>Por su gesti\u00f3n:<\/p>\n\n<ul class=\"wp-block-list\">\n<li><strong>Cookies gestionadas por la empresa<\/strong>: son aquellas que act\u00faan en el dispositivo del usuario desde un dominio gestionado por la empresa propietaria del dominio<\/li>\n\n\n\n<li><strong>Cookies de terceros<\/strong>: son aquellas que se env\u00edan al dispositivo del usuario desde un dominio que no es gestionado por la empresa, sino por otra entidad que trata los datos obtenidos a trav\u00e9s de las cookies.<\/li>\n<\/ul>\n\n<p>Por el tiempo de almacenamiento:<\/p>\n\n<ul class=\"wp-block-list\">\n<li><strong>Cookies de sesi\u00f3n<\/strong>: para recabar y almacenar datos mientras el usuario accede a una web. Se suelen utilizar para almacenar informaci\u00f3n solicitada por el usuario en una sola ocasi\u00f3n. <\/li>\n\n\n\n<li><strong>Cookies persistentes<\/strong>: los datos siguen almacenados en el terminal y pueden ser accedidos y tratados durante un periodo definido por el responsable de la cookie, y su duraci\u00f3n es de unos minutos a varios a\u00f1os.<\/li>\n<\/ul>\n\n<p>Por la finalidad de tratamiento de datos:<\/p>\n\n<ul class=\"wp-block-list\">\n<li><strong>Cookies anal\u00edticas<\/strong>: son aquellas que, bien tratadas por nosotros o por terceros, nos permiten cuantificar el n\u00famero de usuarios y as\u00ed realizar la medici\u00f3n y an\u00e1lisis estad\u00edstico de la utilizaci\u00f3n que hacen los usuarios del servicio ofertado. Para ello se analiza su navegaci\u00f3n en nuestra p\u00e1gina web general@aresse.com con el fin de mejorar la oferta de productos o servicios que le ofrecemos. <\/li>\n\n\n\n<li><strong>Cookies publicitarias<\/strong>: son aquellas que, bien tratadas por nosotros o por terceros, nos permiten gestionar de la forma m\u00e1s eficaz posible la oferta de los espacios publicitarios que hay en la p\u00e1gina web general@aresse.com, adecuando el contenido del anuncio al contenido del servicio solicitado o al uso que realice de nuestra p\u00e1gina web general@aresse.com. Para ello podemos analizar sus h\u00e1bitos de navegaci\u00f3n en Internet y podemos mostrarle publicidad relacionada con su perfil de navegaci\u00f3n. <\/li>\n\n\n\n<li><strong>Cookies t\u00e9cnicas<\/strong>: son aquellas que permiten controlar la utilizaci\u00f3n de diferentes aplicaciones o servicios para controlar el tr\u00e1fico y la comunicaci\u00f3n de datos.<\/li>\n\n\n\n<li><strong>Cookies de personalizaci\u00f3n<\/strong>: permiten al usuario acceder al servicio con algunas caracter\u00edsticas de car\u00e1cter general predefinidas en funci\u00f3n de una serie de criterios en el dispositivo del usuario.<\/li>\n\n\n\n<li><strong>Cookies de redes sociales externas<\/strong>: se utilizan para que los visitantes puedan interactuar con el contenido de diferentes plataformas sociales y que se generen \u00fanicamente para los usuarios de dichas redes sociales.<\/li>\n<\/ul>\n\n<p><strong>Cookies aceptadas por la normativa y cookies exceptuadas<\/strong><\/p>\n\n<p>Seg\u00fan la directiva de la UE, las cookies que requieren el consentimiento informado por parte del usuario son las cookies de anal\u00edtica, y las de publicidad y afiliaci\u00f3n, quedando exceptuadas las de car\u00e1cter t\u00e9cnico y las necesarias para el funcionamiento del sitio web o la prestaci\u00f3n de servicios expresamente solicitados por el usuario.<\/p>\n\n<p><strong>\u00bfQu\u00e9 cookies utiliza esta web?<\/strong><\/p>\n\n<p>Esta web utiliza cookies propias y de terceros. En este sitio web se utilizan las cookies que se detallan a continuaci\u00f3n: <\/p>\n\n<p><strong>COOKIES PROPIAS<\/strong><\/p>\n\n<p><strong>Inicio de sesi\u00f3n:<\/strong> Las cookies para iniciar sesi\u00f3n le permiten entrar y salir de su cuenta de www.aresse.com.<\/p>\n\n<p><strong>Personalizaci\u00f3n:<\/strong> Las cookies nos ayudan a recordar con qu\u00e9 personas o sitios web ha interactuado, para que podamos mostrarle contenido relacionado.<\/p>\n\n<p><strong>Preferencias:<\/strong> Las cookies nos permiten recordar sus ajustes y preferencias, como el idioma preferido y su configuraci\u00f3n de privacidad.<\/p>\n\n<p><strong>Seguridad: <\/strong>Empleamos cookies para salvaguardar su integridad frente a potenciales riesgos de seguridad. Primordialmente, para detectar intentos de vulneraci\u00f3n de su cuenta en www.aresse.com. <\/p>\n\n<p><strong>COOKIES DE TERCEROS<\/strong><\/p>\n\n<p><strong>Cookies anal\u00edticas<\/strong><\/p>\n\n<p>Este sitio web utiliza servicios de an\u00e1lisis, espec\u00edficamente, <em>Google Analytics<\/em> para asistir al website en el an\u00e1lisis del comportamiento de los usuarios y mejorar su usabilidad, sin que en ning\u00fan caso se asocien a datos que pudieran identificar al usuario. Google Analytics es un servicio anal\u00edtico web proporcionado por Google Inc. El usuario puede consultar <a href=\"https:\/\/www.google.es\/intl\/es\/policies\/technologies\/types\/\"><em>aqu\u00ed<\/em><\/a> la tipolog\u00eda de cookies empleadas por Google.  <\/p>\n\n<p><strong>Cookies de redes sociales<\/strong><\/p>\n\n<p>Las cookies de redes sociales pueden almacenarse en su navegador durante su navegaci\u00f3n por www.aresse.com, por ejemplo, al utilizar el bot\u00f3n de compartir contenidos de www.aresse.com en alguna red social.<\/p>\n\n<p>A continuaci\u00f3n, se proporciona informaci\u00f3n sobre las cookies de las redes sociales que este sitio web utiliza en sus respectivas pol\u00edticas de cookies: <\/p>\n\n<ul class=\"wp-block-list\">\n<li>Cookies de Facebook, puede obtener m\u00e1s informaci\u00f3n en su <a href=\"https:\/\/www.facebook.com\/policies\/cookies\/\"><em>pol\u00edtica de cookies<\/em><\/a><em>.<\/em><\/li>\n\n\n\n<li>Cookies de Twitter, puede obtener m\u00e1s informaci\u00f3n en su <a href=\"https:\/\/twitter.com\/privacy\"><em>pol\u00edtica de cookies<\/em><\/a>.<\/li>\n\n\n\n<li>Cookies de Instagram, puede obtener m\u00e1s informaci\u00f3n en su <a href=\"https:\/\/www.facebook.com\/policies\/cookies\/\"><em>pol\u00edtica de cookies<\/em><\/a>.<\/li>\n<\/ul>\n\n<p><\/p>\n\n<p>A continuaci\u00f3n, le informamos detalladamente sobre las cookies que pueden instalarse desde nuestro sitio web. Dependiendo de su navegaci\u00f3n, podr\u00e1n instalarse todas o solo algunas de ellas. <\/p>\n\n<figure class=\"wp-block-table\"><table><tbody><tr><td><strong>Nombre<\/strong><\/td><td><strong>Categor\u00eda<\/strong><\/td><td><strong>Descripci\u00f3n<\/strong><\/td><td><strong>Propiedad<\/strong><\/td><td><strong>Duraci\u00f3n<\/strong><\/td><\/tr><tr><td><strong>__ga<\/strong><\/td><td>An\u00e1lisis<\/td><td>Se utiliza para distinguir a los usuarios<\/td><td>Terceros<\/td><td>2 a\u00f1os<\/td><\/tr><tr><td><strong>__gid<\/strong><\/td><td>An\u00e1lisis<\/td><td>Se utiliza para distinguir a los usuarios<\/td><td>Terceros<\/td><td>1 d\u00eda<\/td><\/tr><tr><td><strong>WordPress_<\/strong><\/td><td>Funcionalidad<\/td><td>Se activa durante el proceso de autenticaci\u00f3n y almacena los detalles de la misma<\/td><td>Propia<\/td><td>1 a\u00f1o<\/td><\/tr><tr><td><strong>WordPress_log<\/strong> <strong>ged_in_<\/strong><\/td><td>Funcionalidad<\/td><td>Se activa durante el proceso de autenticaci\u00f3n y almacena los detalles de la misma<\/td><td>Propia<\/td><td>1 a\u00f1o<\/td><\/tr><tr><td><strong>WordPress_test<\/strong> <strong>_cookie<\/strong><\/td><td>Funcionalidad<\/td><td>Se activa durante el proceso de autenticaci\u00f3n y almacena los detalles de la misma<\/td><td>Propia<\/td><td>1 a\u00f1o<\/td><\/tr><tr><td><strong>Wp-settings-<\/strong><\/td><td>Funcionalidad<\/td><td>Sirve para personalizar la interfaz de usuario<\/td><td>Propia<\/td><td>1 a\u00f1o<\/td><\/tr><tr><td><strong>Wp-settings-<\/strong> <strong>Time<\/strong><\/td><td>Funcionalidad<\/td><td>Sirve para personalizar la interfaz de usuario<\/td><td>Propia<\/td><td>Finalizaci\u00f3n de la sesi\u00f3n<\/td><\/tr><tr><td><strong>CatAccCookies<\/strong><\/td><td>Funcionalidad<\/td><td>Genera un c\u00f3digo para verificar que la pol\u00edtica de cookies ha sido aceptada<\/td><td>Propia<\/td><td>1 d\u00eda<\/td><\/tr><\/tbody><\/table><\/figure>\n<p> <br\/><strong>Revocaci\u00f3n y eliminaci\u00f3n de Cookies<\/strong><\/p>\n\n<p><strong> <\/strong>Usted puede permitir, bloquear o eliminar las cookies instaladas en su ordenador mediante la configuraci\u00f3n de las opciones del navegador instalado en su equipo.<br\/>En caso de que utilice otro navegador, le proporcionamos los enlaces que le permitir\u00e1n configurar el uso de las cookies:<\/p>\n\n<ul class=\"wp-block-list\">\n<li>Para obtener m\u00e1s informaci\u00f3n sobre el navegador Firefox, pulse <a href=\"https:\/\/support.mozilla.org\/es\/kb\/habilitar-y-deshabilitar-cookies-sitios-web-rastrear-preferencias?redirectlocale=es&amp;redirectslug=habilitar-y-deshabilitar-cookies-que-los-sitios-we\" rel=\"nofollow\">aqu\u00ed<\/a>.<\/li>\n\n\n\n<li>Para obtener m\u00e1s informaci\u00f3n sobre el navegador Chrome, pulse <a href=\"http:\/\/support.google.com\/chrome\/bin\/answer.py?hl=es&amp;answer=95647\" rel=\"nofollow\">aqu\u00ed<\/a>.<\/li>\n\n\n\n<li>Para obtener m\u00e1s informaci\u00f3n sobre el navegador Explorer, pulse <a href=\"https:\/\/support.microsoft.com\/en-us\/help\/17442\/windows-internet-explorer-delete-manage-cookies#ie=ie-10\" rel=\"nofollow\">aqu\u00ed<\/a>.<\/li>\n\n\n\n<li>Para obtener m\u00e1s informaci\u00f3n sobre el navegador Safari, pulse <a href=\"https:\/\/support.apple.com\/es-es\/HT201265\" rel=\"nofollow\">aqu\u00ed<\/a>.<\/li>\n<\/ul>\n\n<p>En lo que respecta a las cookies de terceros, es decir, aquellas que son ajenas a nuestro sitio web, no podemos hacernos responsables del contenido y veracidad de las pol\u00edticas de privacidad que ellos incluyen, por lo que la informaci\u00f3n que le ofrecemos es siempre con referencia a la fuente.<\/p>\n\n<p><strong>Aceptaci\u00f3n de cookies<\/strong><\/p>\n\n<p>Al acceder a este sitio web o aplicaci\u00f3n por primera vez, se mostrar\u00e1 una advertencia donde se informa de la utilizaci\u00f3n de las cookies y donde puede consultar esta pol\u00edtica de cookies. Si el usuario consiente la utilizaci\u00f3n de cookies, se proceder\u00e1 a la instalaci\u00f3n de las mismas en su equipo o dispositivo. <\/p>\n\n<p>Adem\u00e1s del uso de nuestras cookies propias, permitimos a terceros establecer cookies y acceder a ellas en su ordenador. El consentimiento del uso de las cookies de estas empresas est\u00e1 vinculado a la navegaci\u00f3n por este sitio web. <\/p>\n\n<p><strong>Informaci\u00f3n adicional sobre las cookies<\/strong><\/p>\n\n<p>Puede consultar el reglamento sobre cookies publicado por la Agencia Espa\u00f1ola de Protecci\u00f3n de Datos en su <em>\u00ab<\/em><a href=\"https:\/\/www.aepd.es\/sites\/default\/files\/2020-07\/guia-cookies.pdf\"><em>Gu\u00eda sobre el uso de las cookies\u00bb<\/em><\/a> y obtener m\u00e1s informaci\u00f3n sobre las cookies en Internet, <a href=\"https:\/\/www.aboutcookies.org\/\"><em>https:\/\/www.aboutcookies.org\/<\/em><\/a><\/p>\n\n<p>Si desea tener un mayor control sobre la instalaci\u00f3n de cookies, puede instalar programas o complementos a su navegador, conocidos como herramientas de <em>\u201cDo Not Track\u201d<\/em>, que le permitir\u00e1n escoger aquellas cookies que desea permitir.<\/p>\n\n<p>Esta pol\u00edtica de cookies ha sido actualizada por \u00faltima vez el 07 de marzo de 2023.<\/p>\n","protected":false},"excerpt":{"rendered":"<p>(Espa\u00f1ol) En esta web recopilamos y utilizamos la informaci\u00f3n seg\u00fan indicamos en nuestra pol\u00edtica de privacidad. Una de las formas en las que recopilamos informaci\u00f3n es<span class=\"excerpt-hellip\"> [\u2026]<\/span><\/p>\n","protected":false},"author":1,"featured_media":0,"parent":0,"menu_order":0,"comment_status":"closed","ping_status":"closed","template":"","meta":{"footnotes":""},"class_list":["post-489","page","type-page","status-publish","hentry"],"yoast_head":"<!-- This site is optimized with the Yoast SEO plugin v25.6 - https:\/\/yoast.com\/wordpress\/plugins\/seo\/ -->\n<title>Pol\u00edtica de cookies - Wind turbine testing ARESSE<\/title>\n<meta name=\"robots\" content=\"noindex, nofollow\" \/>\n<meta property=\"og:locale\" content=\"es_ES\" \/>\n<meta property=\"og:type\" content=\"article\" \/>\n<meta property=\"og:title\" content=\"Pol\u00edtica de cookies - Wind turbine testing ARESSE\" \/>\n<meta property=\"og:description\" content=\"(Espa\u00f1ol) En esta web recopilamos y utilizamos la informaci\u00f3n seg\u00fan indicamos en nuestra pol\u00edtica de privacidad. Una de las formas en las que recopilamos informaci\u00f3n es [\u2026]\" \/>\n<meta property=\"og:url\" content=\"https:\/\/www.aresse.com\/es\/cookies-policy\/\" \/>\n<meta property=\"og:site_name\" content=\"Wind turbine testing ARESSE\" \/>\n<meta property=\"article:modified_time\" content=\"2025-06-04T10:54:53+00:00\" \/>\n<meta property=\"og:image\" content=\"https:\/\/www.aresse.com\/wp-content\/uploads\/2023\/03\/Aresse_620px.png\" \/>\n\t<meta property=\"og:image:width\" content=\"620\" \/>\n\t<meta property=\"og:image:height\" content=\"162\" \/>\n\t<meta property=\"og:image:type\" content=\"image\/png\" \/>\n<meta name=\"twitter:card\" content=\"summary_large_image\" \/>\n<meta name=\"twitter:label1\" content=\"Tiempo de lectura\" \/>\n\t<meta name=\"twitter:data1\" content=\"7 minutos\" \/>\n<!-- \/ Yoast SEO plugin. -->","yoast_head_json":{"title":"Pol\u00edtica de cookies - Wind turbine testing ARESSE","robots":{"index":"noindex","follow":"nofollow"},"og_locale":"es_ES","og_type":"article","og_title":"Pol\u00edtica de cookies - Wind turbine testing ARESSE","og_description":"(Espa\u00f1ol) En esta web recopilamos y utilizamos la informaci\u00f3n seg\u00fan indicamos en nuestra pol\u00edtica de privacidad. Una de las formas en las que recopilamos informaci\u00f3n es [\u2026]","og_url":"https:\/\/www.aresse.com\/es\/cookies-policy\/","og_site_name":"Wind turbine testing ARESSE","article_modified_time":"2025-06-04T10:54:53+00:00","og_image":[{"width":620,"height":162,"url":"https:\/\/www.aresse.com\/wp-content\/uploads\/2023\/03\/Aresse_620px.png","type":"image\/png"}],"twitter_card":"summary_large_image","twitter_misc":{"Tiempo de lectura":"7 minutos"},"schema":{"@context":"https:\/\/schema.org","@graph":[{"@type":"WebPage","@id":"https:\/\/www.aresse.com\/es\/cookies-policy\/","url":"https:\/\/www.aresse.com\/es\/cookies-policy\/","name":"Pol\u00edtica de cookies - Wind turbine testing ARESSE","isPartOf":{"@id":"https:\/\/www.aresse.com\/es\/#website"},"datePublished":"2023-03-07T11:16:52+00:00","dateModified":"2025-06-04T10:54:53+00:00","breadcrumb":{"@id":"https:\/\/www.aresse.com\/es\/cookies-policy\/#breadcrumb"},"inLanguage":"es","potentialAction":[{"@type":"ReadAction","target":["https:\/\/www.aresse.com\/es\/cookies-policy\/"]}]},{"@type":"BreadcrumbList","@id":"https:\/\/www.aresse.com\/es\/cookies-policy\/#breadcrumb","itemListElement":[{"@type":"ListItem","position":1,"name":"Portada","item":"https:\/\/www.aresse.com\/es\/home\/"},{"@type":"ListItem","position":2,"name":"Pol\u00edtica de cookies"}]},{"@type":"WebSite","@id":"https:\/\/www.aresse.com\/es\/#website","url":"https:\/\/www.aresse.com\/es\/","name":"Wind turbine testing ARESSE","description":"Ingenier\u00eda especializada en servicios de ensayo y monitorizaci\u00f3n en aerogeneradores, automoci\u00f3n, sector ferroviario, de electrodom\u00e9sticos y otros componentes","publisher":{"@id":"https:\/\/www.aresse.com\/es\/#organization"},"alternateName":"ARESSE","potentialAction":[{"@type":"SearchAction","target":{"@type":"EntryPoint","urlTemplate":"https:\/\/www.aresse.com\/es\/?s={search_term_string}"},"query-input":{"@type":"PropertyValueSpecification","valueRequired":true,"valueName":"search_term_string"}}],"inLanguage":"es"},{"@type":"Organization","@id":"https:\/\/www.aresse.com\/es\/#organization","name":"ARESSE ENGINEERING","alternateName":"ARESSE","url":"https:\/\/www.aresse.com\/es\/","logo":{"@type":"ImageObject","inLanguage":"es","@id":"https:\/\/www.aresse.com\/es\/#\/schema\/logo\/image\/","url":"https:\/\/www.aresse.com\/wp-content\/uploads\/2023\/03\/Aresse_620px.png","contentUrl":"https:\/\/www.aresse.com\/wp-content\/uploads\/2023\/03\/Aresse_620px.png","width":620,"height":162,"caption":"ARESSE ENGINEERING"},"image":{"@id":"https:\/\/www.aresse.com\/es\/#\/schema\/logo\/image\/"}}]}},"_links":{"self":[{"href":"https:\/\/www.aresse.com\/es\/wp-json\/wp\/v2\/pages\/489"}],"collection":[{"href":"https:\/\/www.aresse.com\/es\/wp-json\/wp\/v2\/pages"}],"about":[{"href":"https:\/\/www.aresse.com\/es\/wp-json\/wp\/v2\/types\/page"}],"author":[{"embeddable":true,"href":"https:\/\/www.aresse.com\/es\/wp-json\/wp\/v2\/users\/1"}],"replies":[{"embeddable":true,"href":"https:\/\/www.aresse.com\/es\/wp-json\/wp\/v2\/comments?post=489"}],"version-history":[{"count":4,"href":"https:\/\/www.aresse.com\/es\/wp-json\/wp\/v2\/pages\/489\/revisions"}],"predecessor-version":[{"id":502,"href":"https:\/\/www.aresse.com\/es\/wp-json\/wp\/v2\/pages\/489\/revisions\/502"}],"wp:attachment":[{"href":"https:\/\/www.aresse.com\/es\/wp-json\/wp\/v2\/media?parent=489"}],"curies":[{"name":"wp","href":"https:\/\/api.w.org\/{rel}","templated":true}]}}