{"id":475,"date":"2022-03-22T09:51:17","date_gmt":"2022-03-22T08:51:17","guid":{"rendered":"https:\/\/www.aresse.com\/contact\/"},"modified":"2025-06-20T09:01:40","modified_gmt":"2025-06-20T07:01:40","slug":"contacto","status":"publish","type":"page","link":"https:\/\/www.aresse.com\/es\/contacto\/","title":{"rendered":"Contacto"},"content":{"rendered":"","protected":false},"excerpt":{"rendered":"","protected":false},"author":1,"featured_media":0,"parent":0,"menu_order":0,"comment_status":"open","ping_status":"closed","template":"","meta":{"footnotes":""},"class_list":["post-475","page","type-page","status-publish","hentry"],"yoast_head":"<!-- This site is optimized with the Yoast SEO plugin v25.6 - https:\/\/yoast.com\/wordpress\/plugins\/seo\/ -->\n<title>Contacto - Wind turbine testing ARESSE<\/title>\n<meta name=\"description\" content=\"Somos una empresa de ingenier\u00eda y un laboratorio de ensayos: los test y la monitorizaci\u00f3n precisa pueden ayudar a llevar su negocio al siguiente nivel.\" \/>\n<meta name=\"robots\" content=\"index, follow, max-snippet:-1, max-image-preview:large, max-video-preview:-1\" \/>\n<link rel=\"canonical\" href=\"https:\/\/www.aresse.com\/es\/contacto\/\" \/>\n<meta property=\"og:locale\" content=\"es_ES\" \/>\n<meta property=\"og:type\" content=\"article\" \/>\n<meta property=\"og:title\" content=\"Contacto - Wind turbine testing ARESSE\" \/>\n<meta property=\"og:description\" content=\"Somos una empresa de ingenier\u00eda y un laboratorio de ensayos: los test y la monitorizaci\u00f3n precisa pueden ayudar a llevar su negocio al siguiente nivel.\" \/>\n<meta property=\"og:url\" content=\"https:\/\/www.aresse.com\/es\/contacto\/\" \/>\n<meta property=\"og:site_name\" content=\"Wind turbine testing ARESSE\" \/>\n<meta property=\"article:modified_time\" content=\"2025-06-20T07:01:40+00:00\" \/>\n<meta property=\"og:image\" content=\"https:\/\/www.aresse.com\/wp-content\/uploads\/2023\/03\/Aresse_620px.png\" \/>\n\t<meta property=\"og:image:width\" content=\"620\" \/>\n\t<meta property=\"og:image:height\" content=\"162\" \/>\n\t<meta property=\"og:image:type\" content=\"image\/png\" \/>\n<meta name=\"twitter:card\" content=\"summary_large_image\" \/>\n<!-- \/ Yoast SEO plugin. -->","yoast_head_json":{"title":"Contacto - Wind turbine testing ARESSE","description":"Somos una empresa de ingenier\u00eda y un laboratorio de ensayos: los test y la monitorizaci\u00f3n precisa pueden ayudar a llevar su negocio al siguiente nivel.","robots":{"index":"index","follow":"follow","max-snippet":"max-snippet:-1","max-image-preview":"max-image-preview:large","max-video-preview":"max-video-preview:-1"},"canonical":"https:\/\/www.aresse.com\/es\/contacto\/","og_locale":"es_ES","og_type":"article","og_title":"Contacto - Wind turbine testing ARESSE","og_description":"Somos una empresa de ingenier\u00eda y un laboratorio de ensayos: los test y la monitorizaci\u00f3n precisa pueden ayudar a llevar su negocio al siguiente nivel.","og_url":"https:\/\/www.aresse.com\/es\/contacto\/","og_site_name":"Wind turbine testing ARESSE","article_modified_time":"2025-06-20T07:01:40+00:00","og_image":[{"width":620,"height":162,"url":"https:\/\/www.aresse.com\/wp-content\/uploads\/2023\/03\/Aresse_620px.png","type":"image\/png"}],"twitter_card":"summary_large_image","schema":{"@context":"https:\/\/schema.org","@graph":[{"@type":"WebPage","@id":"https:\/\/www.aresse.com\/es\/contacto\/","url":"https:\/\/www.aresse.com\/es\/contacto\/","name":"Contacto - Wind turbine testing ARESSE","isPartOf":{"@id":"https:\/\/www.aresse.com\/es\/#website"},"datePublished":"2022-03-22T08:51:17+00:00","dateModified":"2025-06-20T07:01:40+00:00","description":"Somos una empresa de ingenier\u00eda y un laboratorio de ensayos: los test y la monitorizaci\u00f3n precisa pueden ayudar a llevar su negocio al siguiente nivel.","breadcrumb":{"@id":"https:\/\/www.aresse.com\/es\/contacto\/#breadcrumb"},"inLanguage":"es","potentialAction":[{"@type":"ReadAction","target":["https:\/\/www.aresse.com\/es\/contacto\/"]}]},{"@type":"BreadcrumbList","@id":"https:\/\/www.aresse.com\/es\/contacto\/#breadcrumb","itemListElement":[{"@type":"ListItem","position":1,"name":"Portada","item":"https:\/\/www.aresse.com\/es\/home\/"},{"@type":"ListItem","position":2,"name":"Contacto"}]},{"@type":"WebSite","@id":"https:\/\/www.aresse.com\/es\/#website","url":"https:\/\/www.aresse.com\/es\/","name":"Wind turbine testing ARESSE","description":"Ingenier\u00eda especializada en servicios de ensayo y monitorizaci\u00f3n en aerogeneradores, automoci\u00f3n, sector ferroviario, de electrodom\u00e9sticos y otros componentes","publisher":{"@id":"https:\/\/www.aresse.com\/es\/#organization"},"alternateName":"ARESSE","potentialAction":[{"@type":"SearchAction","target":{"@type":"EntryPoint","urlTemplate":"https:\/\/www.aresse.com\/es\/?s={search_term_string}"},"query-input":{"@type":"PropertyValueSpecification","valueRequired":true,"valueName":"search_term_string"}}],"inLanguage":"es"},{"@type":"Organization","@id":"https:\/\/www.aresse.com\/es\/#organization","name":"ARESSE ENGINEERING","alternateName":"ARESSE","url":"https:\/\/www.aresse.com\/es\/","logo":{"@type":"ImageObject","inLanguage":"es","@id":"https:\/\/www.aresse.com\/es\/#\/schema\/logo\/image\/","url":"https:\/\/www.aresse.com\/wp-content\/uploads\/2023\/03\/Aresse_620px.png","contentUrl":"https:\/\/www.aresse.com\/wp-content\/uploads\/2023\/03\/Aresse_620px.png","width":620,"height":162,"caption":"ARESSE ENGINEERING"},"image":{"@id":"https:\/\/www.aresse.com\/es\/#\/schema\/logo\/image\/"}}]}},"_links":{"self":[{"href":"https:\/\/www.aresse.com\/es\/wp-json\/wp\/v2\/pages\/475"}],"collection":[{"href":"https:\/\/www.aresse.com\/es\/wp-json\/wp\/v2\/pages"}],"about":[{"href":"https:\/\/www.aresse.com\/es\/wp-json\/wp\/v2\/types\/page"}],"author":[{"embeddable":true,"href":"https:\/\/www.aresse.com\/es\/wp-json\/wp\/v2\/users\/1"}],"replies":[{"embeddable":true,"href":"https:\/\/www.aresse.com\/es\/wp-json\/wp\/v2\/comments?post=475"}],"version-history":[{"count":1,"href":"https:\/\/www.aresse.com\/es\/wp-json\/wp\/v2\/pages\/475\/revisions"}],"predecessor-version":[{"id":476,"href":"https:\/\/www.aresse.com\/es\/wp-json\/wp\/v2\/pages\/475\/revisions\/476"}],"wp:attachment":[{"href":"https:\/\/www.aresse.com\/es\/wp-json\/wp\/v2\/media?parent=475"}],"curies":[{"name":"wp","href":"https:\/\/api.w.org\/{rel}","templated":true}]}}