{"id":471,"date":"2022-03-17T15:47:06","date_gmt":"2022-03-17T14:47:06","guid":{"rendered":"https:\/\/www.aresse.com\/wind-turbine-monitoring\/"},"modified":"2025-06-04T14:18:24","modified_gmt":"2025-06-04T12:18:24","slug":"wind-turbine-monitoring","status":"publish","type":"page","link":"https:\/\/www.aresse.com\/es\/wind-turbine-monitoring\/","title":{"rendered":"Monitorizaci\u00f3n"},"content":{"rendered":"","protected":false},"excerpt":{"rendered":"","protected":false},"author":1,"featured_media":0,"parent":0,"menu_order":0,"comment_status":"open","ping_status":"closed","template":"","meta":{"footnotes":""},"class_list":["post-471","page","type-page","status-publish","hentry"],"yoast_head":"<!-- This site is optimized with the Yoast SEO plugin v25.6 - https:\/\/yoast.com\/wordpress\/plugins\/seo\/ -->\n<title>Monitorizaci\u00f3n de Aerogeneradores | ARESSE ENGINEERING<\/title>\n<meta name=\"description\" content=\"Monitorizaci\u00f3n de turbinas e\u00f3licas: ac\u00fastica, vibraci\u00f3n, din\u00e1mica y vida \u00fatil. Precisi\u00f3n para optimizar su producto.\" \/>\n<meta name=\"robots\" content=\"index, follow, max-snippet:-1, max-image-preview:large, max-video-preview:-1\" \/>\n<link rel=\"canonical\" href=\"https:\/\/www.aresse.com\/es\/wind-turbine-monitoring\/\" \/>\n<meta property=\"og:locale\" content=\"es_ES\" \/>\n<meta property=\"og:type\" content=\"article\" \/>\n<meta property=\"og:title\" content=\"Monitorizaci\u00f3n de Aerogeneradores | ARESSE ENGINEERING\" \/>\n<meta property=\"og:description\" content=\"Monitorizaci\u00f3n de turbinas e\u00f3licas: ac\u00fastica, vibraci\u00f3n, din\u00e1mica y vida \u00fatil. Precisi\u00f3n para optimizar su producto.\" \/>\n<meta property=\"og:url\" content=\"https:\/\/www.aresse.com\/es\/wind-turbine-monitoring\/\" \/>\n<meta property=\"og:site_name\" content=\"Wind turbine testing ARESSE\" \/>\n<meta property=\"article:modified_time\" content=\"2025-06-04T12:18:24+00:00\" \/>\n<meta property=\"og:image\" content=\"https:\/\/www.aresse.com\/wp-content\/uploads\/2023\/03\/Aresse_620px.png\" \/>\n\t<meta property=\"og:image:width\" content=\"620\" \/>\n\t<meta property=\"og:image:height\" content=\"162\" \/>\n\t<meta property=\"og:image:type\" content=\"image\/png\" \/>\n<meta name=\"twitter:card\" content=\"summary_large_image\" \/>\n<!-- \/ Yoast SEO plugin. -->","yoast_head_json":{"title":"Monitorizaci\u00f3n de Aerogeneradores | ARESSE ENGINEERING","description":"Monitorizaci\u00f3n de turbinas e\u00f3licas: ac\u00fastica, vibraci\u00f3n, din\u00e1mica y vida \u00fatil. Precisi\u00f3n para optimizar su producto.","robots":{"index":"index","follow":"follow","max-snippet":"max-snippet:-1","max-image-preview":"max-image-preview:large","max-video-preview":"max-video-preview:-1"},"canonical":"https:\/\/www.aresse.com\/es\/wind-turbine-monitoring\/","og_locale":"es_ES","og_type":"article","og_title":"Monitorizaci\u00f3n de Aerogeneradores | ARESSE ENGINEERING","og_description":"Monitorizaci\u00f3n de turbinas e\u00f3licas: ac\u00fastica, vibraci\u00f3n, din\u00e1mica y vida \u00fatil. Precisi\u00f3n para optimizar su producto.","og_url":"https:\/\/www.aresse.com\/es\/wind-turbine-monitoring\/","og_site_name":"Wind turbine testing ARESSE","article_modified_time":"2025-06-04T12:18:24+00:00","og_image":[{"width":620,"height":162,"url":"https:\/\/www.aresse.com\/wp-content\/uploads\/2023\/03\/Aresse_620px.png","type":"image\/png"}],"twitter_card":"summary_large_image","schema":{"@context":"https:\/\/schema.org","@graph":[{"@type":"WebPage","@id":"https:\/\/www.aresse.com\/es\/wind-turbine-monitoring\/","url":"https:\/\/www.aresse.com\/es\/wind-turbine-monitoring\/","name":"Monitorizaci\u00f3n de Aerogeneradores | ARESSE ENGINEERING","isPartOf":{"@id":"https:\/\/www.aresse.com\/es\/#website"},"datePublished":"2022-03-17T14:47:06+00:00","dateModified":"2025-06-04T12:18:24+00:00","description":"Monitorizaci\u00f3n de turbinas e\u00f3licas: ac\u00fastica, vibraci\u00f3n, din\u00e1mica y vida \u00fatil. Precisi\u00f3n para optimizar su producto.","breadcrumb":{"@id":"https:\/\/www.aresse.com\/es\/wind-turbine-monitoring\/#breadcrumb"},"inLanguage":"es","potentialAction":[{"@type":"ReadAction","target":["https:\/\/www.aresse.com\/es\/wind-turbine-monitoring\/"]}]},{"@type":"BreadcrumbList","@id":"https:\/\/www.aresse.com\/es\/wind-turbine-monitoring\/#breadcrumb","itemListElement":[{"@type":"ListItem","position":1,"name":"Portada","item":"https:\/\/www.aresse.com\/es\/home\/"},{"@type":"ListItem","position":2,"name":"Monitorizaci\u00f3n"}]},{"@type":"WebSite","@id":"https:\/\/www.aresse.com\/es\/#website","url":"https:\/\/www.aresse.com\/es\/","name":"Wind turbine testing ARESSE","description":"Ingenier\u00eda especializada en servicios de ensayo y monitorizaci\u00f3n en aerogeneradores, automoci\u00f3n, sector ferroviario, de electrodom\u00e9sticos y otros componentes","publisher":{"@id":"https:\/\/www.aresse.com\/es\/#organization"},"alternateName":"ARESSE","potentialAction":[{"@type":"SearchAction","target":{"@type":"EntryPoint","urlTemplate":"https:\/\/www.aresse.com\/es\/?s={search_term_string}"},"query-input":{"@type":"PropertyValueSpecification","valueRequired":true,"valueName":"search_term_string"}}],"inLanguage":"es"},{"@type":"Organization","@id":"https:\/\/www.aresse.com\/es\/#organization","name":"ARESSE ENGINEERING","alternateName":"ARESSE","url":"https:\/\/www.aresse.com\/es\/","logo":{"@type":"ImageObject","inLanguage":"es","@id":"https:\/\/www.aresse.com\/es\/#\/schema\/logo\/image\/","url":"https:\/\/www.aresse.com\/wp-content\/uploads\/2023\/03\/Aresse_620px.png","contentUrl":"https:\/\/www.aresse.com\/wp-content\/uploads\/2023\/03\/Aresse_620px.png","width":620,"height":162,"caption":"ARESSE ENGINEERING"},"image":{"@id":"https:\/\/www.aresse.com\/es\/#\/schema\/logo\/image\/"}}]}},"_links":{"self":[{"href":"https:\/\/www.aresse.com\/es\/wp-json\/wp\/v2\/pages\/471"}],"collection":[{"href":"https:\/\/www.aresse.com\/es\/wp-json\/wp\/v2\/pages"}],"about":[{"href":"https:\/\/www.aresse.com\/es\/wp-json\/wp\/v2\/types\/page"}],"author":[{"embeddable":true,"href":"https:\/\/www.aresse.com\/es\/wp-json\/wp\/v2\/users\/1"}],"replies":[{"embeddable":true,"href":"https:\/\/www.aresse.com\/es\/wp-json\/wp\/v2\/comments?post=471"}],"version-history":[{"count":1,"href":"https:\/\/www.aresse.com\/es\/wp-json\/wp\/v2\/pages\/471\/revisions"}],"predecessor-version":[{"id":472,"href":"https:\/\/www.aresse.com\/es\/wp-json\/wp\/v2\/pages\/471\/revisions\/472"}],"wp:attachment":[{"href":"https:\/\/www.aresse.com\/es\/wp-json\/wp\/v2\/media?parent=471"}],"curies":[{"name":"wp","href":"https:\/\/api.w.org\/{rel}","templated":true}]}}